{"id":3,"date":"2025-02-26T21:51:53","date_gmt":"2025-02-26T20:51:53","guid":{"rendered":"http:\/\/cordev.fr\/?page_id=3"},"modified":"2025-02-27T12:18:47","modified_gmt":"2025-02-27T11:18:47","slug":"politique-de-confidentialite","status":"publish","type":"page","link":"https:\/\/cordev.fr\/index.php\/politique-de-confidentialite\/","title":{"rendered":"Politique de confidentialit\u00e9"},"content":{"rendered":"\n<p>La protection de vos donn\u00e9es personnelles est une priorit\u00e9. Cette politique de confidentialit\u00e9 d\u00e9crit comment sont collect\u00e9es, utilis\u00e9es et prot\u00e9g\u00e9es vos informations lorsque vous utilisez mes services.<\/p>\n\n\n\n<h2 class=\"wp-block-heading\"><strong>Responsable du traitement des donn\u00e9es<\/strong><\/h2>\n\n\n\n<p><strong>Nom :<\/strong> Corbin Enki<br><strong>Statut :<\/strong> D\u00e9veloppeur ind\u00e9pendant<br><strong>SIRET :<\/strong> 90343470200028<br><strong>Mail: enki@cordev.fr<\/strong><\/p>\n\n\n\n<h2 class=\"wp-block-heading\"><strong>Donn\u00e9es collect\u00e9es<\/strong><\/h2>\n\n\n\n<p>Dans le cadre de mon activit\u00e9, je peux \u00eatre amen\u00e9 \u00e0 collecter les donn\u00e9es suivantes :<\/p>\n\n\n\n<ul class=\"wp-block-list\">\n<li><strong>Donn\u00e9es d\u2019identification<\/strong> : Nom, pr\u00e9nom, adresse e-mail, num\u00e9ro de t\u00e9l\u00e9phone.<\/li>\n\n\n\n<li><strong>Donn\u00e9es professionnelles<\/strong> : Nom de l\u2019entreprise, SIRET, adresse de facturation.<\/li>\n\n\n\n<li><strong>Donn\u00e9es techniques<\/strong> : Adresse IP, type de navigateur, logs de connexion.<\/li>\n<\/ul>\n\n\n\n<p>Aucune donn\u00e9e sensible n\u2019est collect\u00e9e ni stock\u00e9e sans n\u00e9cessit\u00e9 l\u00e9gale ou accord explicite.<\/p>\n\n\n\n<h2 class=\"wp-block-heading\"><strong>Utilisation des donn\u00e9es<\/strong><\/h2>\n\n\n\n<p>Vos donn\u00e9es sont utilis\u00e9es dans le cadre de :<\/p>\n\n\n\n<ul class=\"wp-block-list\">\n<li>La gestion et l\u2019ex\u00e9cution des prestations demand\u00e9es.<\/li>\n\n\n\n<li>La communication et le suivi de la relation client.<\/li>\n\n\n\n<li>L\u2019am\u00e9lioration des services et l\u2019analyse des besoins.<\/li>\n\n\n\n<li>Le respect des obligations l\u00e9gales et comptables.<\/li>\n<\/ul>\n\n\n\n<h2 class=\"wp-block-heading\"><strong>Partage des donn\u00e9es<\/strong><\/h2>\n\n\n\n<p>Les donn\u00e9es collect\u00e9es ne sont <strong>jamais vendues<\/strong>. Elles peuvent \u00eatre partag\u00e9es uniquement avec :<\/p>\n\n\n\n<ul class=\"wp-block-list\">\n<li>Des prestataires techniques (h\u00e9bergement, outils de facturation).<\/li>\n\n\n\n<li>Les autorit\u00e9s l\u00e9gales si requis.<\/li>\n<\/ul>\n\n\n\n<h2 class=\"wp-block-heading\"><strong>Cookies et suivi<\/strong><\/h2>\n\n\n\n<p>Des cookies peuvent \u00eatre utilis\u00e9s pour am\u00e9liorer l\u2019exp\u00e9rience utilisateur et analyser l\u2019audience du site. Vous pouvez les g\u00e9rer via les param\u00e8tres de votre navigateur.<\/p>\n\n\n\n<h2 class=\"wp-block-heading\"><strong>Contact<\/strong><\/h2>\n\n\n\n<p>Pour toute question relative \u00e0 la gestion de vos donn\u00e9es personnelles :<br>\ud83d\udce7 <strong>Email :<\/strong> enki@cordev.fr<\/p>\n\n\n\n<p>\ud83d\udcc5 <strong>Derni\u00e8re mise \u00e0 jour :<\/strong> 25\/02\/2025<\/p>\n\n\n\n<p><\/p>\n","protected":false},"excerpt":{"rendered":"<p>La protection de vos donn\u00e9es personnelles est une priorit\u00e9. Cette politique de confidentialit\u00e9 d\u00e9crit comment sont collect\u00e9es, utilis\u00e9es et prot\u00e9g\u00e9es [&hellip;]<\/p>\n","protected":false},"author":1,"featured_media":0,"parent":0,"menu_order":0,"comment_status":"closed","ping_status":"open","template":"","meta":{"site-sidebar-layout":"default","site-content-layout":"","ast-site-content-layout":"","site-content-style":"default","site-sidebar-style":"default","ast-global-header-display":"","ast-banner-title-visibility":"","ast-main-header-display":"","ast-hfb-above-header-display":"","ast-hfb-below-header-display":"","ast-hfb-mobile-header-display":"","site-post-title":"","ast-breadcrumbs-content":"","ast-featured-img":"","footer-sml-layout":"","theme-transparent-header-meta":"","adv-header-id-meta":"","stick-header-meta":"","header-above-stick-meta":"","header-main-stick-meta":"","header-below-stick-meta":"","astra-migrate-meta-layouts":"default","ast-page-background-enabled":"default","ast-page-background-meta":{"desktop":{"background-color":"var(--ast-global-color-5)","background-image":"","background-repeat":"repeat","background-position":"center center","background-size":"auto","background-attachment":"scroll","background-type":"","background-media":"","overlay-type":"","overlay-color":"","overlay-opacity":"","overlay-gradient":""},"tablet":{"background-color":"","background-image":"","background-repeat":"repeat","background-position":"center center","background-size":"auto","background-attachment":"scroll","background-type":"","background-media":"","overlay-type":"","overlay-color":"","overlay-opacity":"","overlay-gradient":""},"mobile":{"background-color":"","background-image":"","background-repeat":"repeat","background-position":"center center","background-size":"auto","background-attachment":"scroll","background-type":"","background-media":"","overlay-type":"","overlay-color":"","overlay-opacity":"","overlay-gradient":""}},"ast-content-background-meta":{"desktop":{"background-color":"var(--ast-global-color-4)","background-image":"","background-repeat":"repeat","background-position":"center center","background-size":"auto","background-attachment":"scroll","background-type":"","background-media":"","overlay-type":"","overlay-color":"","overlay-opacity":"","overlay-gradient":""},"tablet":{"background-color":"var(--ast-global-color-4)","background-image":"","background-repeat":"repeat","background-position":"center center","background-size":"auto","background-attachment":"scroll","background-type":"","background-media":"","overlay-type":"","overlay-color":"","overlay-opacity":"","overlay-gradient":""},"mobile":{"background-color":"var(--ast-global-color-4)","background-image":"","background-repeat":"repeat","background-position":"center center","background-size":"auto","background-attachment":"scroll","background-type":"","background-media":"","overlay-type":"","overlay-color":"","overlay-opacity":"","overlay-gradient":""}},"footnotes":""},"class_list":["post-3","page","type-page","status-publish","hentry"],"yoast_head":"<!-- This site is optimized with the Yoast SEO plugin v24.5 - https:\/\/yoast.com\/wordpress\/plugins\/seo\/ -->\n<title>Politique de confidentialit\u00e9 -<\/title>\n<meta name=\"robots\" content=\"index, follow, max-snippet:-1, max-image-preview:large, max-video-preview:-1\" \/>\n<link rel=\"canonical\" href=\"https:\/\/cordev.fr\/index.php\/politique-de-confidentialite\/\" \/>\n<meta property=\"og:locale\" content=\"en_US\" \/>\n<meta property=\"og:type\" content=\"article\" \/>\n<meta property=\"og:title\" content=\"Politique de confidentialit\u00e9 -\" \/>\n<meta property=\"og:description\" content=\"La protection de vos donn\u00e9es personnelles est une priorit\u00e9. Cette politique de confidentialit\u00e9 d\u00e9crit comment sont collect\u00e9es, utilis\u00e9es et prot\u00e9g\u00e9es [&hellip;]\" \/>\n<meta property=\"og:url\" content=\"https:\/\/cordev.fr\/index.php\/politique-de-confidentialite\/\" \/>\n<meta property=\"article:modified_time\" content=\"2025-02-27T11:18:47+00:00\" \/>\n<meta name=\"twitter:card\" content=\"summary_large_image\" \/>\n<meta name=\"twitter:label1\" content=\"Est. reading time\" \/>\n\t<meta name=\"twitter:data1\" content=\"1 minute\" \/>\n<script type=\"application\/ld+json\" class=\"yoast-schema-graph\">{\"@context\":\"https:\/\/schema.org\",\"@graph\":[{\"@type\":\"WebPage\",\"@id\":\"https:\/\/cordev.fr\/index.php\/politique-de-confidentialite\/\",\"url\":\"https:\/\/cordev.fr\/index.php\/politique-de-confidentialite\/\",\"name\":\"Politique de confidentialit\u00e9 -\",\"isPartOf\":{\"@id\":\"https:\/\/cordev.fr\/#website\"},\"datePublished\":\"2025-02-26T20:51:53+00:00\",\"dateModified\":\"2025-02-27T11:18:47+00:00\",\"breadcrumb\":{\"@id\":\"https:\/\/cordev.fr\/index.php\/politique-de-confidentialite\/#breadcrumb\"},\"inLanguage\":\"en-US\",\"potentialAction\":[{\"@type\":\"ReadAction\",\"target\":[\"https:\/\/cordev.fr\/index.php\/politique-de-confidentialite\/\"]}]},{\"@type\":\"BreadcrumbList\",\"@id\":\"https:\/\/cordev.fr\/index.php\/politique-de-confidentialite\/#breadcrumb\",\"itemListElement\":[{\"@type\":\"ListItem\",\"position\":1,\"name\":\"Accueil\",\"item\":\"https:\/\/cordev.fr\/?ai_lang=en\"},{\"@type\":\"ListItem\",\"position\":2,\"name\":\"Politique de confidentialit\u00e9\"}]},{\"@type\":\"WebSite\",\"@id\":\"https:\/\/cordev.fr\/#website\",\"url\":\"https:\/\/cordev.fr\/\",\"name\":\"\",\"description\":\"Un site utilisant WordPress\",\"potentialAction\":[{\"@type\":\"SearchAction\",\"target\":{\"@type\":\"EntryPoint\",\"urlTemplate\":\"https:\/\/cordev.fr\/?s={search_term_string}\"},\"query-input\":{\"@type\":\"PropertyValueSpecification\",\"valueRequired\":true,\"valueName\":\"search_term_string\"}}],\"inLanguage\":\"en-US\"}]}<\/script>\n<!-- \/ Yoast SEO plugin. -->","yoast_head_json":{"title":"Politique de confidentialit\u00e9 -","robots":{"index":"index","follow":"follow","max-snippet":"max-snippet:-1","max-image-preview":"max-image-preview:large","max-video-preview":"max-video-preview:-1"},"canonical":"https:\/\/cordev.fr\/index.php\/politique-de-confidentialite\/","og_locale":"en_US","og_type":"article","og_title":"Politique de confidentialit\u00e9 -","og_description":"La protection de vos donn\u00e9es personnelles est une priorit\u00e9. Cette politique de confidentialit\u00e9 d\u00e9crit comment sont collect\u00e9es, utilis\u00e9es et prot\u00e9g\u00e9es [&hellip;]","og_url":"https:\/\/cordev.fr\/index.php\/politique-de-confidentialite\/","article_modified_time":"2025-02-27T11:18:47+00:00","twitter_card":"summary_large_image","twitter_misc":{"Est. reading time":"1 minute"},"schema":{"@context":"https:\/\/schema.org","@graph":[{"@type":"WebPage","@id":"https:\/\/cordev.fr\/index.php\/politique-de-confidentialite\/","url":"https:\/\/cordev.fr\/index.php\/politique-de-confidentialite\/","name":"Politique de confidentialit\u00e9 -","isPartOf":{"@id":"https:\/\/cordev.fr\/#website"},"datePublished":"2025-02-26T20:51:53+00:00","dateModified":"2025-02-27T11:18:47+00:00","breadcrumb":{"@id":"https:\/\/cordev.fr\/index.php\/politique-de-confidentialite\/#breadcrumb"},"inLanguage":"en-US","potentialAction":[{"@type":"ReadAction","target":["https:\/\/cordev.fr\/index.php\/politique-de-confidentialite\/"]}]},{"@type":"BreadcrumbList","@id":"https:\/\/cordev.fr\/index.php\/politique-de-confidentialite\/#breadcrumb","itemListElement":[{"@type":"ListItem","position":1,"name":"Accueil","item":"https:\/\/cordev.fr\/?ai_lang=en"},{"@type":"ListItem","position":2,"name":"Politique de confidentialit\u00e9"}]},{"@type":"WebSite","@id":"https:\/\/cordev.fr\/#website","url":"https:\/\/cordev.fr\/","name":"","description":"Un site utilisant WordPress","potentialAction":[{"@type":"SearchAction","target":{"@type":"EntryPoint","urlTemplate":"https:\/\/cordev.fr\/?s={search_term_string}"},"query-input":{"@type":"PropertyValueSpecification","valueRequired":true,"valueName":"search_term_string"}}],"inLanguage":"en-US"}]}},"_links":{"self":[{"href":"https:\/\/cordev.fr\/index.php\/wp-json\/wp\/v2\/pages\/3","targetHints":{"allow":["GET"]}}],"collection":[{"href":"https:\/\/cordev.fr\/index.php\/wp-json\/wp\/v2\/pages"}],"about":[{"href":"https:\/\/cordev.fr\/index.php\/wp-json\/wp\/v2\/types\/page"}],"author":[{"embeddable":true,"href":"https:\/\/cordev.fr\/index.php\/wp-json\/wp\/v2\/users\/1"}],"replies":[{"embeddable":true,"href":"https:\/\/cordev.fr\/index.php\/wp-json\/wp\/v2\/comments?post=3"}],"version-history":[{"count":1,"href":"https:\/\/cordev.fr\/index.php\/wp-json\/wp\/v2\/pages\/3\/revisions"}],"predecessor-version":[{"id":60,"href":"https:\/\/cordev.fr\/index.php\/wp-json\/wp\/v2\/pages\/3\/revisions\/60"}],"wp:attachment":[{"href":"https:\/\/cordev.fr\/index.php\/wp-json\/wp\/v2\/media?parent=3"}],"curies":[{"name":"wp","href":"https:\/\/api.w.org\/{rel}","templated":true}]}}