{"id":483,"date":"2026-05-12T12:53:39","date_gmt":"2026-05-12T10:53:39","guid":{"rendered":"https:\/\/cordev.fr\/?page_id=483"},"modified":"2026-05-12T12:53:39","modified_gmt":"2026-05-12T10:53:39","slug":"page-de-test-pagora-ai","status":"publish","type":"page","link":"https:\/\/cordev.fr\/index.php\/page-de-test-pagora-ai\/","title":{"rendered":"Page de test \u2013 Pagora AI"},"content":{"rendered":"<p>Page de test Bienvenue sur ma page test Ceci est une page de d\u00e9monstration g\u00e9n\u00e9r\u00e9e automatiquement. Elle vous permet de tester les fonctionnalit\u00e9s de mise en page, de style et d&#8217;interactivit\u00e9. D\u00e9couvrir Nous contacter Fonctionnalit\u00e9s de test Voici quelques blocs illustrant diff\u00e9rentes mises en page et composants disponibles sur cette page. Performance Des pages l\u00e9g\u00e8res et rapides, optimis\u00e9es pour une exp\u00e9rience utilisateur fluide sur tous les appareils. Fiabilit\u00e9 Un code propre et maintenable, con\u00e7u pour s&#8217;int\u00e9grer parfaitement dans votre environnement WordPress. Personnalisation Chaque \u00e9l\u00e9ment est facilement modifiable depuis l&#8217;\u00e9diteur pour s&#8217;adapter \u00e0 votre identit\u00e9 visuelle. 100% Responsive 0ms Latence JS A11y Accessible \u221e Possibilit\u00e9s Questions fr\u00e9quentes \u00c0 quoi sert cette page ? Cette page de test sert \u00e0 valider le rendu visuel, les interactions Alpine.js, les animations et la mise en page g\u00e9n\u00e9rale g\u00e9n\u00e9r\u00e9e par Pagora AI. Peut-on modifier le contenu ? Oui ! Tout le contenu est modifiable directement depuis l&#8217;\u00e9diteur Pagora AI. Vous pouvez changer les textes, les couleurs et les images en quelques clics. Le formulaire de contact fonctionne-t-il ? Absolument. Le formulaire ci-dessous est connect\u00e9 \u00e0 un endpoint live et vous enverra les messages directement par e-mail. Nous contacter Remplissez ce formulaire et nous vous r\u00e9pondrons dans les plus brefs d\u00e9lais. Une erreur est survenue. Veuillez r\u00e9essayer ou nous contacter directement par e-mail. Nom complet * E-mail * Sujet Message * Message envoy\u00e9 ! Merci pour votre message. Nous vous r\u00e9pondrons tr\u00e8s prochainement.<\/p>\n","protected":false},"excerpt":{"rendered":"<p>Page de test Bienvenue sur ma page test Ceci est une page de d\u00e9monstration g\u00e9n\u00e9r\u00e9e automatiquement. Elle vous permet de [&hellip;]<\/p>\n","protected":false},"author":1,"featured_media":0,"parent":0,"menu_order":0,"comment_status":"closed","ping_status":"closed","template":"","meta":{"site-sidebar-layout":"default","site-content-layout":"","ast-site-content-layout":"","site-content-style":"default","site-sidebar-style":"default","ast-global-header-display":"","ast-banner-title-visibility":"","ast-main-header-display":"","ast-hfb-above-header-display":"","ast-hfb-below-header-display":"","ast-hfb-mobile-header-display":"","site-post-title":"","ast-breadcrumbs-content":"","ast-featured-img":"","footer-sml-layout":"","theme-transparent-header-meta":"","adv-header-id-meta":"","stick-header-meta":"","header-above-stick-meta":"","header-main-stick-meta":"","header-below-stick-meta":"","astra-migrate-meta-layouts":"default","ast-page-background-enabled":"default","ast-page-background-meta":{"desktop":{"background-color":"var(--ast-global-color-5)","background-image":"","background-repeat":"repeat","background-position":"center center","background-size":"auto","background-attachment":"scroll","background-type":"","background-media":"","overlay-type":"","overlay-color":"","overlay-opacity":"","overlay-gradient":""},"tablet":{"background-color":"","background-image":"","background-repeat":"repeat","background-position":"center center","background-size":"auto","background-attachment":"scroll","background-type":"","background-media":"","overlay-type":"","overlay-color":"","overlay-opacity":"","overlay-gradient":""},"mobile":{"background-color":"","background-image":"","background-repeat":"repeat","background-position":"center center","background-size":"auto","background-attachment":"scroll","background-type":"","background-media":"","overlay-type":"","overlay-color":"","overlay-opacity":"","overlay-gradient":""}},"ast-content-background-meta":{"desktop":{"background-color":"var(--ast-global-color-4)","background-image":"","background-repeat":"repeat","background-position":"center center","background-size":"auto","background-attachment":"scroll","background-type":"","background-media":"","overlay-type":"","overlay-color":"","overlay-opacity":"","overlay-gradient":""},"tablet":{"background-color":"var(--ast-global-color-4)","background-image":"","background-repeat":"repeat","background-position":"center center","background-size":"auto","background-attachment":"scroll","background-type":"","background-media":"","overlay-type":"","overlay-color":"","overlay-opacity":"","overlay-gradient":""},"mobile":{"background-color":"var(--ast-global-color-4)","background-image":"","background-repeat":"repeat","background-position":"center center","background-size":"auto","background-attachment":"scroll","background-type":"","background-media":"","overlay-type":"","overlay-color":"","overlay-opacity":"","overlay-gradient":""}},"_pagoraai_enabled":true,"footnotes":""},"class_list":["post-483","page","type-page","status-publish","hentry"],"yoast_head":"<!-- This site is optimized with the Yoast SEO plugin v24.5 - https:\/\/yoast.com\/wordpress\/plugins\/seo\/ -->\n<title>Page de test \u2013 Pagora AI -<\/title>\n<meta name=\"robots\" content=\"index, follow, max-snippet:-1, max-image-preview:large, max-video-preview:-1\" \/>\n<link rel=\"canonical\" href=\"https:\/\/cordev.fr\/index.php\/page-de-test-pagora-ai\/\" \/>\n<meta property=\"og:locale\" content=\"en_US\" \/>\n<meta property=\"og:type\" content=\"article\" \/>\n<meta property=\"og:title\" content=\"Page de test \u2013 Pagora AI -\" \/>\n<meta property=\"og:description\" content=\"Page de test Bienvenue sur ma page test Ceci est une page de d\u00e9monstration g\u00e9n\u00e9r\u00e9e automatiquement. Elle vous permet de [&hellip;]\" \/>\n<meta property=\"og:url\" content=\"https:\/\/cordev.fr\/index.php\/page-de-test-pagora-ai\/\" \/>\n<meta name=\"twitter:card\" content=\"summary_large_image\" \/>\n<meta name=\"twitter:label1\" content=\"Est. reading time\" \/>\n\t<meta name=\"twitter:data1\" content=\"1 minute\" \/>\n<script type=\"application\/ld+json\" class=\"yoast-schema-graph\">{\"@context\":\"https:\/\/schema.org\",\"@graph\":[{\"@type\":\"WebPage\",\"@id\":\"https:\/\/cordev.fr\/index.php\/page-de-test-pagora-ai\/\",\"url\":\"https:\/\/cordev.fr\/index.php\/page-de-test-pagora-ai\/\",\"name\":\"Page de test \u2013 Pagora AI -\",\"isPartOf\":{\"@id\":\"https:\/\/cordev.fr\/#website\"},\"datePublished\":\"2026-05-12T10:53:39+00:00\",\"breadcrumb\":{\"@id\":\"https:\/\/cordev.fr\/index.php\/page-de-test-pagora-ai\/#breadcrumb\"},\"inLanguage\":\"en-US\",\"potentialAction\":[{\"@type\":\"ReadAction\",\"target\":[\"https:\/\/cordev.fr\/index.php\/page-de-test-pagora-ai\/\"]}]},{\"@type\":\"BreadcrumbList\",\"@id\":\"https:\/\/cordev.fr\/index.php\/page-de-test-pagora-ai\/#breadcrumb\",\"itemListElement\":[{\"@type\":\"ListItem\",\"position\":1,\"name\":\"Accueil\",\"item\":\"https:\/\/cordev.fr\/?ai_lang=en\"},{\"@type\":\"ListItem\",\"position\":2,\"name\":\"Page de test \u2013 Pagora AI\"}]},{\"@type\":\"WebSite\",\"@id\":\"https:\/\/cordev.fr\/#website\",\"url\":\"https:\/\/cordev.fr\/\",\"name\":\"\",\"description\":\"Un site utilisant WordPress\",\"potentialAction\":[{\"@type\":\"SearchAction\",\"target\":{\"@type\":\"EntryPoint\",\"urlTemplate\":\"https:\/\/cordev.fr\/?s={search_term_string}\"},\"query-input\":{\"@type\":\"PropertyValueSpecification\",\"valueRequired\":true,\"valueName\":\"search_term_string\"}}],\"inLanguage\":\"en-US\"}]}<\/script>\n<!-- \/ Yoast SEO plugin. -->","yoast_head_json":{"title":"Page de test \u2013 Pagora AI -","robots":{"index":"index","follow":"follow","max-snippet":"max-snippet:-1","max-image-preview":"max-image-preview:large","max-video-preview":"max-video-preview:-1"},"canonical":"https:\/\/cordev.fr\/index.php\/page-de-test-pagora-ai\/","og_locale":"en_US","og_type":"article","og_title":"Page de test \u2013 Pagora AI -","og_description":"Page de test Bienvenue sur ma page test Ceci est une page de d\u00e9monstration g\u00e9n\u00e9r\u00e9e automatiquement. Elle vous permet de [&hellip;]","og_url":"https:\/\/cordev.fr\/index.php\/page-de-test-pagora-ai\/","twitter_card":"summary_large_image","twitter_misc":{"Est. reading time":"1 minute"},"schema":{"@context":"https:\/\/schema.org","@graph":[{"@type":"WebPage","@id":"https:\/\/cordev.fr\/index.php\/page-de-test-pagora-ai\/","url":"https:\/\/cordev.fr\/index.php\/page-de-test-pagora-ai\/","name":"Page de test \u2013 Pagora AI -","isPartOf":{"@id":"https:\/\/cordev.fr\/#website"},"datePublished":"2026-05-12T10:53:39+00:00","breadcrumb":{"@id":"https:\/\/cordev.fr\/index.php\/page-de-test-pagora-ai\/#breadcrumb"},"inLanguage":"en-US","potentialAction":[{"@type":"ReadAction","target":["https:\/\/cordev.fr\/index.php\/page-de-test-pagora-ai\/"]}]},{"@type":"BreadcrumbList","@id":"https:\/\/cordev.fr\/index.php\/page-de-test-pagora-ai\/#breadcrumb","itemListElement":[{"@type":"ListItem","position":1,"name":"Accueil","item":"https:\/\/cordev.fr\/?ai_lang=en"},{"@type":"ListItem","position":2,"name":"Page de test \u2013 Pagora AI"}]},{"@type":"WebSite","@id":"https:\/\/cordev.fr\/#website","url":"https:\/\/cordev.fr\/","name":"","description":"Un site utilisant WordPress","potentialAction":[{"@type":"SearchAction","target":{"@type":"EntryPoint","urlTemplate":"https:\/\/cordev.fr\/?s={search_term_string}"},"query-input":{"@type":"PropertyValueSpecification","valueRequired":true,"valueName":"search_term_string"}}],"inLanguage":"en-US"}]}},"_links":{"self":[{"href":"https:\/\/cordev.fr\/index.php\/wp-json\/wp\/v2\/pages\/483","targetHints":{"allow":["GET"]}}],"collection":[{"href":"https:\/\/cordev.fr\/index.php\/wp-json\/wp\/v2\/pages"}],"about":[{"href":"https:\/\/cordev.fr\/index.php\/wp-json\/wp\/v2\/types\/page"}],"author":[{"embeddable":true,"href":"https:\/\/cordev.fr\/index.php\/wp-json\/wp\/v2\/users\/1"}],"replies":[{"embeddable":true,"href":"https:\/\/cordev.fr\/index.php\/wp-json\/wp\/v2\/comments?post=483"}],"version-history":[{"count":2,"href":"https:\/\/cordev.fr\/index.php\/wp-json\/wp\/v2\/pages\/483\/revisions"}],"predecessor-version":[{"id":487,"href":"https:\/\/cordev.fr\/index.php\/wp-json\/wp\/v2\/pages\/483\/revisions\/487"}],"wp:attachment":[{"href":"https:\/\/cordev.fr\/index.php\/wp-json\/wp\/v2\/media?parent=483"}],"curies":[{"name":"wp","href":"https:\/\/api.w.org\/{rel}","templated":true}]}}